{"id":46,"date":"2023-05-17T17:44:59","date_gmt":"2023-05-17T15:44:59","guid":{"rendered":"https:\/\/location-lesarcs1800.fr\/?page_id=46"},"modified":"2023-05-20T17:30:25","modified_gmt":"2023-05-20T15:30:25","slug":"station","status":"publish","type":"page","link":"https:\/\/location-lesarcs1800.fr\/?page_id=46","title":{"rendered":"Station"},"content":{"rendered":"\n<p>La station des Arcs se situe dans la vall\u00e9e de la Tarentaise, au dessus de Bourg- Saint-Maurice en Savoie. Elle est compos\u00e9e de 4 villages, les Arcs 1600, les Arcs 1800, les Arcs 2000 et les Arcs 1950 dans l&#8217;ordre de construction. Les trois premiers villages (1600, 1800 et 2000) pr\u00e9sentent une unit\u00e9 architecturale avant gardiste pour l&#8217;\u00e9poque, le cahier des charges pr\u00e9cisait:<\/p>\n\n\n\n<ul>\n<li>Respect du site et de l&#8217;environnement naturel,<\/li>\n\n\n\n<li>Conservation des vieux chalets d\u2019alpage existants que l\u2019architecture moderne ne doit pas chercher \u00e0 imiter pour plus d\u2019authenticit\u00e9,<\/li>\n\n\n\n<li>Utilisation de mat\u00e9riaux locaux.<\/li>\n<\/ul>\n\n\n\n<p>Il en r\u00e9sulte une station compos\u00e9e de grands ensembles immobilier parfaitement int\u00e9gr\u00e9s dans le paysage, sans vis \u00e0 vis, avec un contact vers l&#8217;ext\u00e9rieur maximis\u00e9 par de grande baie vitr\u00e9e. Les mat\u00e9riaux naturels (bardage en &nbsp;m\u00e9l\u00e8ze, pierre, Lauze) et harmonis\u00e9s permettent de cr\u00e9er un tout coh\u00e9rent sans chercher \u00e0 imiter les constructions classiques (chalets).<\/p>\n\n\n\n<figure class=\"wp-block-image alignright\"><a href=\"http:\/\/duplex-lesarcs1800.fr\/wp-content\/uploads\/2017\/01\/IMG_4556-e1483559783131.jpg\" target=\"_blank\" rel=\"noreferrer noopener\"><img decoding=\"async\" src=\"http:\/\/duplex-lesarcs1800.fr\/wp-content\/uploads\/2017\/01\/IMG_4556-e1483559783131-220x300.jpg\" alt=\"\" class=\"wp-image-454\"\/><\/a><\/figure>\n\n\n\n<p>&nbsp;Les Arcs 1950, construit plus tard, au d\u00e9but des ann\u00e9es 2000 ne respectent pas cette unit\u00e9 architecturale. Il s&#8217;agit plut\u00f4t d&#8217;une imitation de village savoyard. C&#8217;est tr\u00e8s joli, mais on a parfois l&#8217;impression d&#8217;\u00eatre chez Disney. Les villages des Arcs sont des stations pi\u00e9tonnes. l&#8217;acc\u00e8s des v\u00e9hicules se fait par le bas de la station, et l&#8217;ensemble des d\u00e9placements est ensuite pr\u00e9vu \u00e0 pied. Cela garantit le calme et la tranquillit\u00e9 \u00e0 tout le monde et permet de mieux &nbsp;int\u00e9grer la station \u00e0 la nature qui l&#8217;entoure. Notre appartement se situe aux Arcs 1800, le plus grand et le plus anim\u00e9 des villages des Arcs.<br><br>Les Arcs 1800 se composent de 4 quartiers,&nbsp;le Charvet, le Chantel, les Villards et le Charmettoger.&nbsp;Notre appartement se situe dans le quartier des Villards, dans la r\u00e9sidence Grand Arbois.&nbsp;Le quartier des Villards est le village central de la station des Arcs 1800. Le front de neige s\u2019y situe ainsi que les principales remont\u00e9es (Transarc).<\/p>\n\n\n\n<p>On y trouve aussi les commerces, bars et restaurant.&nbsp;&nbsp;<\/p>\n\n\n\n<p>La r\u00e9sidence est en contrebas du village ce qui lui permet d\u2019\u00eatre au calme, mais avec un acc\u00e8s par ascenseur directement au c\u0153ur du village (place haute des Villards). <br>L&#8217;\u00e9cole de ski( ESF) la plus proche se trouve \u00e0 moins de 1 minutes et la remont\u00e9e m\u00e9canique (le Transarc) est \u00e0 moins de 5min \u00e0 pied de l\u2019appartement (en prenant l\u2019ascenceur \ud83d\ude42 ).<br>Le Transarc permet un acc\u00e8s direct \u00e0 Arcs 2000 et Arcs 1950 et donc \u00e0 l&#8217;int\u00e9gralit\u00e9 du domaine.<\/p>\n\n\n\n<figure class=\"wp-block-image size-large\"><img decoding=\"async\" loading=\"lazy\" width=\"1024\" height=\"728\" src=\"https:\/\/location-lesarcs1800.fr\/wp-content\/uploads\/2023\/05\/lePlanArcjpg-1-1024x728.jpg\" alt=\"\" class=\"wp-image-212\" srcset=\"https:\/\/location-lesarcs1800.fr\/wp-content\/uploads\/2023\/05\/lePlanArcjpg-1-1024x728.jpg 1024w, https:\/\/location-lesarcs1800.fr\/wp-content\/uploads\/2023\/05\/lePlanArcjpg-1-300x213.jpg 300w, https:\/\/location-lesarcs1800.fr\/wp-content\/uploads\/2023\/05\/lePlanArcjpg-1-768x546.jpg 768w, https:\/\/location-lesarcs1800.fr\/wp-content\/uploads\/2023\/05\/lePlanArcjpg-1.jpg 1051w\" sizes=\"(max-width: 1024px) 100vw, 1024px\" \/><\/figure>\n\n\n\n<figure class=\"wp-block-image size-large\"><img decoding=\"async\" loading=\"lazy\" width=\"1024\" height=\"414\" src=\"http:\/\/location-lesarcs1800.fr\/wp-content\/uploads\/2023\/05\/Residence-1024x414.jpg\" alt=\"\" class=\"wp-image-157\" srcset=\"https:\/\/location-lesarcs1800.fr\/wp-content\/uploads\/2023\/05\/Residence-1024x414.jpg 1024w, https:\/\/location-lesarcs1800.fr\/wp-content\/uploads\/2023\/05\/Residence-300x121.jpg 300w, https:\/\/location-lesarcs1800.fr\/wp-content\/uploads\/2023\/05\/Residence-768x310.jpg 768w, https:\/\/location-lesarcs1800.fr\/wp-content\/uploads\/2023\/05\/Residence-1536x620.jpg 1536w, https:\/\/location-lesarcs1800.fr\/wp-content\/uploads\/2023\/05\/Residence.jpg 1872w\" sizes=\"(max-width: 1024px) 100vw, 1024px\" \/><\/figure>\n","protected":false},"excerpt":{"rendered":"<p>La station des Arcs se situe dans la vall\u00e9e de la Tarentaise, au dessus de Bourg- Saint-Maurice en Savoie. Elle est compos\u00e9e de 4 villages, les Arcs 1600, les Arcs 1800, les Arcs 2000 et les Arcs 1950 dans l&#8217;ordre de construction. Les trois premiers villages (1600, 1800 et 2000) pr\u00e9sentent une unit\u00e9 architecturale avant [&hellip;]<\/p>\n","protected":false},"author":1,"featured_media":0,"parent":0,"menu_order":0,"comment_status":"closed","ping_status":"closed","template":"","meta":{"om_disable_all_campaigns":false,"_mi_skip_tracking":false},"aioseo_notices":[],"_links":{"self":[{"href":"https:\/\/location-lesarcs1800.fr\/index.php?rest_route=\/wp\/v2\/pages\/46"}],"collection":[{"href":"https:\/\/location-lesarcs1800.fr\/index.php?rest_route=\/wp\/v2\/pages"}],"about":[{"href":"https:\/\/location-lesarcs1800.fr\/index.php?rest_route=\/wp\/v2\/types\/page"}],"author":[{"embeddable":true,"href":"https:\/\/location-lesarcs1800.fr\/index.php?rest_route=\/wp\/v2\/users\/1"}],"replies":[{"embeddable":true,"href":"https:\/\/location-lesarcs1800.fr\/index.php?rest_route=%2Fwp%2Fv2%2Fcomments&post=46"}],"version-history":[{"count":10,"href":"https:\/\/location-lesarcs1800.fr\/index.php?rest_route=\/wp\/v2\/pages\/46\/revisions"}],"predecessor-version":[{"id":261,"href":"https:\/\/location-lesarcs1800.fr\/index.php?rest_route=\/wp\/v2\/pages\/46\/revisions\/261"}],"wp:attachment":[{"href":"https:\/\/location-lesarcs1800.fr\/index.php?rest_route=%2Fwp%2Fv2%2Fmedia&parent=46"}],"curies":[{"name":"wp","href":"https:\/\/api.w.org\/{rel}","templated":true}]}}