{"id":227,"date":"2023-05-18T20:45:49","date_gmt":"2023-05-18T18:45:49","guid":{"rendered":"https:\/\/location-lesarcs1800.fr\/?page_id=227"},"modified":"2023-05-20T17:29:08","modified_gmt":"2023-05-20T15:29:08","slug":"la-remise-des-clefs","status":"publish","type":"page","link":"https:\/\/location-lesarcs1800.fr\/?page_id=227","title":{"rendered":"La remise des clefs"},"content":{"rendered":"\n<p>Une personne viendra vous remettre les clefs lors de votre arriv\u00e9e. elle en profitera pour vous donner quelques indications et conseils sur la station. <br>Un jeu de 2 cl\u00e9s sera disponible.<\/p>\n\n\n\n<p>Les horaires d&#8217;arriv\u00e9e sont apr\u00e8s 17h00 et de d\u00e9part au plus tard 10h.<\/p>\n\n\n\n<p><strong>Lors de votre d\u00e9part, merci de bien vouloir lui remettre les cl\u00e9s.<\/strong><\/p>\n","protected":false},"excerpt":{"rendered":"<p>Une personne viendra vous remettre les clefs lors de votre arriv\u00e9e. elle en profitera pour vous donner quelques indications et conseils sur la station. Un jeu de 2 cl\u00e9s sera disponible. Les horaires d&#8217;arriv\u00e9e sont apr\u00e8s 17h00 et de d\u00e9part au plus tard 10h. Lors de votre d\u00e9part, merci de bien vouloir lui remettre les [&hellip;]<\/p>\n","protected":false},"author":1,"featured_media":0,"parent":0,"menu_order":0,"comment_status":"closed","ping_status":"closed","template":"","meta":{"om_disable_all_campaigns":false,"_mi_skip_tracking":false},"aioseo_notices":[],"_links":{"self":[{"href":"https:\/\/location-lesarcs1800.fr\/index.php?rest_route=\/wp\/v2\/pages\/227"}],"collection":[{"href":"https:\/\/location-lesarcs1800.fr\/index.php?rest_route=\/wp\/v2\/pages"}],"about":[{"href":"https:\/\/location-lesarcs1800.fr\/index.php?rest_route=\/wp\/v2\/types\/page"}],"author":[{"embeddable":true,"href":"https:\/\/location-lesarcs1800.fr\/index.php?rest_route=\/wp\/v2\/users\/1"}],"replies":[{"embeddable":true,"href":"https:\/\/location-lesarcs1800.fr\/index.php?rest_route=%2Fwp%2Fv2%2Fcomments&post=227"}],"version-history":[{"count":2,"href":"https:\/\/location-lesarcs1800.fr\/index.php?rest_route=\/wp\/v2\/pages\/227\/revisions"}],"predecessor-version":[{"id":254,"href":"https:\/\/location-lesarcs1800.fr\/index.php?rest_route=\/wp\/v2\/pages\/227\/revisions\/254"}],"wp:attachment":[{"href":"https:\/\/location-lesarcs1800.fr\/index.php?rest_route=%2Fwp%2Fv2%2Fmedia&parent=227"}],"curies":[{"name":"wp","href":"https:\/\/api.w.org\/{rel}","templated":true}]}}